{"id":745,"date":"2021-03-31T13:05:53","date_gmt":"2021-03-31T16:05:53","guid":{"rendered":"https:\/\/fundacioncollahuasi.cl\/web\/?page_id=745"},"modified":"2021-04-05T01:36:52","modified_gmt":"2021-04-05T05:36:52","slug":"programa-aprendices-de-collahuasi","status":"publish","type":"page","link":"https:\/\/fundacioncollahuasi.cl\/web\/programa-aprendices-de-collahuasi\/","title":{"rendered":"Programa Aprendices de Collahuasi"},"content":{"rendered":"<p>[et_pb_section fb_built=\u00bb1&#8243; admin_label=\u00bbHeader\u00bb _builder_version=\u00bb4.9.2&#8243; use_background_color_gradient=\u00bbon\u00bb background_color_gradient_start=\u00bbrgba(0,0,0,0.45)\u00bb background_color_gradient_end=\u00bbrgba(0,0,0,0.45)\u00bb background_color_gradient_overlays_image=\u00bbon\u00bb background_image=\u00bbhttps:\/\/fundacioncollahuasi.cl\/web\/wp-content\/uploads\/2021\/03\/imagen_02-10-2019-12-17-06.png\u00bb max_width_tablet=\u00bb\u00bb max_width_phone=\u00bb\u00bb max_width_last_edited=\u00bbon|phone\u00bb custom_margin=\u00bb51px|80px|-71px|80px|false|true\u00bb custom_margin_tablet=\u00bb20px|20px||20px||true\u00bb custom_margin_phone=\u00bb\u00bb custom_margin_last_edited=\u00bbon|tablet\u00bb custom_padding=\u00bb0|0px|0|0px|false|true\u00bb box_shadow_style=\u00bbpreset1&#8243;][et_pb_row use_custom_gutter=\u00bbon\u00bb make_equal=\u00bbon\u00bb custom_padding_last_edited=\u00bbon|phone\u00bb padding_top_bottom_link_1=\u00bbtrue\u00bb padding_left_right_link_1=\u00bbtrue\u00bb _builder_version=\u00bb4.9.2&#8243; background_position=\u00bbbottom_center\u00bb width=\u00bb99%\u00bb width_tablet=\u00bb\u00bb width_phone=\u00bb\u00bb width_last_edited=\u00bbon|phone\u00bb max_width=\u00bb1951px\u00bb max_width_tablet=\u00bb\u00bb max_width_phone=\u00bb\u00bb max_width_last_edited=\u00bbon|desktop\u00bb module_alignment=\u00bbcenter\u00bb custom_padding_tablet=\u00bb\u00bb custom_padding_phone=\u00bb\u00bb use_custom_width=\u00bbon\u00bb width_unit=\u00bboff\u00bb custom_width_percent=\u00bb100%\u00bb][et_pb_column type=\u00bb4_4&#8243; _builder_version=\u00bb3.25&#8243; custom_padding=\u00bb12vw|5vw|12vw|5vw\u00bb custom_padding_tablet=\u00bb60px||60px||true\u00bb custom_padding_phone=\u00bb40px||40px||true\u00bb custom_padding_last_edited=\u00bbon|phone\u00bb custom_padding__hover=\u00bb|||\u00bb][et_pb_text _builder_version=\u00bb4.9.2&#8243; text_font=\u00bbRoboto|700||on|||||\u00bb text_text_color=\u00bb#FFFFFF\u00bb text_font_size=\u00bb50px\u00bb text_letter_spacing=\u00bb2px\u00bb text_line_height=\u00bb2em\u00bb header_font=\u00bbRoboto|500||on|||||\u00bb header_text_color=\u00bb#FFFFFF\u00bb header_font_size=\u00bb40px\u00bb header_line_height=\u00bb1.4em\u00bb text_orientation=\u00bbcenter\u00bb max_width=\u00bb800px\u00bb module_alignment=\u00bbcenter\u00bb custom_margin=\u00bb-12px||30px|||\u00bb text_font_size_tablet=\u00bb\u00bb text_font_size_phone=\u00bb30px\u00bb text_font_size_last_edited=\u00bbon|phone\u00bb header_font_size_tablet=\u00bb30px\u00bb header_font_size_phone=\u00bb25px\u00bb header_font_size_last_edited=\u00bbon|desktop\u00bb header_line_height_tablet=\u00bb\u00bb header_line_height_phone=\u00bb1.2em\u00bb header_line_height_last_edited=\u00bbon|phone\u00bb header_4_font_size_tablet=\u00bb17px\u00bb header_4_font_size_phone=\u00bb16px\u00bb header_4_font_size_last_edited=\u00bbon|phone\u00bb text_text_shadow_style=\u00bbpreset2&#8243;]<\/p>\n<h4><span style=\"color: #ffcc00;\">Programas y Proyectos<\/span><\/h4>\n<h1>PROGRAMA APRENDICES DE COLLAHUASI<\/h1>\n<p>[\/et_pb_text][\/et_pb_column][\/et_pb_row][\/et_pb_section][et_pb_section fb_built=\u00bb1&#8243; admin_label=\u00bbDecorative Image\u00bb _builder_version=\u00bb4.9.2&#8243; background_color=\u00bb#f7f7f7&#8243; custom_margin=\u00bb||\u00bb custom_padding=\u00bb0||50px||false|false\u00bb locked=\u00bboff\u00bb][et_pb_row module_class=\u00bb et_pb_row_fullwidth\u00bb _builder_version=\u00bb3.25&#8243; width=\u00bb89%\u00bb width_tablet=\u00bb80%\u00bb width_phone=\u00bb\u00bb width_last_edited=\u00bbon|desktop\u00bb max_width=\u00bb89%\u00bb max_width_tablet=\u00bb80%\u00bb max_width_phone=\u00bb\u00bb max_width_last_edited=\u00bbon|desktop\u00bb custom_padding=\u00bb0|0px|0|0px|false|false\u00bb make_fullwidth=\u00bbon\u00bb locked=\u00bboff\u00bb][et_pb_column type=\u00bb4_4&#8243; _builder_version=\u00bb3.25&#8243; custom_padding=\u00bb|||\u00bb custom_padding__hover=\u00bb|||\u00bb][et_pb_text _builder_version=\u00bb4.9.2&#8243; _module_preset=\u00bbdefault\u00bb text_font_size=\u00bb15px\u00bb header_font=\u00bbRoboto|500|||||||\u00bb header_text_align=\u00bbjustify\u00bb text_orientation=\u00bbjustified\u00bb custom_margin=\u00bb145px|||||\u00bb header_font_size_tablet=\u00bb\u00bb header_font_size_phone=\u00bb25px\u00bb header_font_size_last_edited=\u00bbon|phone\u00bb]<\/p>\n<h1>PROGRAMA APRENDICES DE COLLAHUASI<\/h1>\n<p>&nbsp;<\/p>\n<p style=\"font-weight: 400;\"><span style=\"font-weight: 400;\">Cada a\u00f1o aumenta el inter\u00e9s de los j\u00f3venes en la miner\u00eda, quienes ven en esta iniciativa, una posibilidad de ampliar sus proyecciones de ingreso al mundo laboral. Para cumplir con esas expectativas, los j\u00f3venes reciben un entrenamiento en distintas materias, conociendo en terreno los valores y los procesos de Compa\u00f1\u00eda Minera Do\u00f1a In\u00e9s de Collahuasi.\u00a0<\/span><\/p>\n<p style=\"font-weight: 400;\"><b>La Vicepresidencia de Recursos Humanos a trav\u00e9s de su \u00e1rea de Reclutamiento y Selecci\u00f3n busca motivar a los alumnos a que puedan hacer carrera en el mundo de la miner\u00eda<\/b><span style=\"font-weight: 400;\">. Para ello trabaja en convocar a m\u00e1s de 300 alumnos y egresados de liceos t\u00e9cnicos como tambi\u00e9n a j\u00f3venes de distintas localidades de la regi\u00f3n, para participar en charlas masivas y explicarles en detalle esta modalidad que imparte la Compa\u00f1\u00eda.<\/span><\/p>\n<p>[\/et_pb_text][\/et_pb_column][\/et_pb_row][\/et_pb_section][et_pb_section fb_built=\u00bb1&#8243; admin_label=\u00bbGallery\u00bb _builder_version=\u00bb4.9.2&#8243; background_color=\u00bb#e6f4f0&#8243; custom_padding=\u00bb27px||25px|||\u00bb][et_pb_row column_structure=\u00bb1_2,1_2&#8243; _builder_version=\u00bb3.25&#8243; min_height=\u00bb173px\u00bb custom_padding=\u00bb3px|0px|2px|0px|false|false\u00bb][et_pb_column type=\u00bb1_2&#8243; _builder_version=\u00bb3.25&#8243; custom_padding=\u00bb|||\u00bb custom_padding__hover=\u00bb|||\u00bb][et_pb_image src=\u00bbhttps:\/\/fundacioncollahuasi.cl\/web\/wp-content\/uploads\/2021\/03\/wedding_engagement_39-1.png\u00bb align_tablet=\u00bbcenter\u00bb align_phone=\u00bb\u00bb align_last_edited=\u00bbon|desktop\u00bb _builder_version=\u00bb3.23&#8243; custom_margin=\u00bb||0px\u00bb][\/et_pb_image][\/et_pb_column][et_pb_column type=\u00bb1_2&#8243; _builder_version=\u00bb3.25&#8243; custom_padding=\u00bb|||\u00bb custom_padding__hover=\u00bb|||\u00bb][\/et_pb_column][\/et_pb_row][et_pb_row use_custom_gutter=\u00bbon\u00bb make_equal=\u00bbon\u00bb _builder_version=\u00bb4.9.2&#8243; width=\u00bb100%\u00bb custom_padding=\u00bb0|0px|27px|0px|false|false\u00bb locked=\u00bboff\u00bb][et_pb_column type=\u00bb4_4&#8243; _builder_version=\u00bb3.25&#8243; custom_padding=\u00bb|||\u00bb custom_padding__hover=\u00bb|||\u00bb][et_pb_image src=\u00bbhttps:\/\/fundacioncollahuasi.cl\/web\/wp-content\/uploads\/2021\/03\/imagen_02-10-2019-12-17-06.png\u00bb title_text=\u00bbimagen_02-10-2019-12-17-06&#8243; _builder_version=\u00bb4.9.2&#8243; _module_preset=\u00bbdefault\u00bb custom_margin=\u00bb-92px|||||\u00bb custom_padding=\u00bb1px|||||\u00bb][\/et_pb_image][\/et_pb_column][\/et_pb_row][et_pb_row disabled_on=\u00bboff|off|off\u00bb _builder_version=\u00bb4.9.2&#8243; _module_preset=\u00bbdefault\u00bb][et_pb_column type=\u00bb4_4&#8243; _builder_version=\u00bb4.9.2&#8243; _module_preset=\u00bbdefault\u00bb][et_pb_gallery gallery_ids=\u00bb751,752,753,754,755&#8243; posts_number=\u00bb6&#8243; show_title_and_caption=\u00bboff\u00bb show_pagination=\u00bboff\u00bb zoom_icon_color=\u00bb#e09900&#8243; _builder_version=\u00bb4.9.2&#8243; _module_preset=\u00bbdefault\u00bb border_radii=\u00bbon|7px|7px|7px|7px\u00bb box_shadow_style_image=\u00bbpreset2&#8243;][\/et_pb_gallery][\/et_pb_column][\/et_pb_row][\/et_pb_section][et_pb_section fb_built=\u00bb1&#8243; _builder_version=\u00bb4.9.2&#8243; _module_preset=\u00bbdefault\u00bb background_color=\u00bb#f7f7f7&#8243;][et_pb_row use_custom_gutter=\u00bbon\u00bb gutter_width=\u00bb4&#8243; make_equal=\u00bbon\u00bb _builder_version=\u00bb4.9.2&#8243; _module_preset=\u00bbdefault\u00bb width=\u00bb91.9%\u00bb max_width=\u00bb2042px\u00bb][et_pb_column type=\u00bb4_4&#8243; _builder_version=\u00bb4.9.2&#8243; _module_preset=\u00bbdefault\u00bb][et_pb_divider color=\u00bb#f3b52a\u00bb divider_weight=\u00bb4px\u00bb _builder_version=\u00bb4.9.2&#8243; _module_preset=\u00bbdefault\u00bb width=\u00bb20%\u00bb][\/et_pb_divider][et_pb_text _builder_version=\u00bb4.9.2&#8243; _module_preset=\u00bbdefault\u00bb text_font=\u00bbOpen Sans|600|||||||\u00bb text_text_color=\u00bb#929394&#8243; text_font_size=\u00bb22px\u00bb custom_margin=\u00bb-51px||||false|false\u00bb]<\/p>\n<p>Variedad de<\/p>\n<p>[\/et_pb_text][et_pb_text _builder_version=\u00bb4.9.2&#8243; _module_preset=\u00bbdefault\u00bb text_font=\u00bb|700|||||||\u00bb header_text_align=\u00bbjustify\u00bb header_font_size=\u00bb37px\u00bb header_2_font=\u00bbBarlow Condensed||||||||\u00bb header_2_text_align=\u00bbjustify\u00bb header_2_font_size=\u00bb48px\u00bb width=\u00bb103.8%\u00bb custom_margin=\u00bb-15px|-26px|||false|false\u00bb]<\/p>\n<div class=\"row\">\n<div class=\"col-12 text-center\">\n<h2>PROGRAMAS Y PROYECTOS FEC<\/h2>\n<\/div>\n<\/div>\n<div class=\"row\">\n<div class=\"col-lg-4 col-sm-6 mb-5 mb-lg-0\">\n<div class=\"team-member text-center\"><\/div>\n<\/div>\n<\/div>\n<p>[\/et_pb_text][\/et_pb_column][\/et_pb_row][et_pb_row column_structure=\u00bb1_4,1_4,1_4,1_4&#8243; use_custom_gutter=\u00bbon\u00bb gutter_width=\u00bb1&#8243; make_equal=\u00bbon\u00bb _builder_version=\u00bb4.9.2&#8243; _module_preset=\u00bbdefault\u00bb width=\u00bb100%\u00bb max_width=\u00bb1652px\u00bb global_module=\u00bb1042&#8243;][et_pb_column type=\u00bb1_4&#8243; _builder_version=\u00bb4.9.2&#8243; _module_preset=\u00bbdefault\u00bb][et_pb_blurb title=\u00bbAlto Hospicio\u00bb url=\u00bb@ET-DC@eyJkeW5hbWljIjp0cnVlLCJjb250ZW50IjoicG9zdF9saW5rX3VybCIsInNldHRpbmdzIjp7fX0=@\u00bb image=\u00bbhttps:\/\/fundacioncollahuasi.cl\/web\/wp-content\/uploads\/2021\/03\/project-1.png\u00bb _builder_version=\u00bb4.9.2&#8243; _dynamic_attributes=\u00bburl,link_option_url\u00bb _module_preset=\u00bbdefault\u00bb header_font=\u00bbBarlow Condensed|600||on|||||\u00bb header_text_color=\u00bb#ef7828&#8243; header_font_size=\u00bb18px\u00bb custom_padding=\u00bb|15px||15px|false|false\u00bb link_option_url=\u00bb@ET-DC@eyJkeW5hbWljIjp0cnVlLCJjb250ZW50IjoicG9zdF9saW5rX3VybCIsInNldHRpbmdzIjp7fX0=@\u00bb border_radii_image=\u00bboff|10px|10px||\u00bb box_shadow_style_image=\u00bbpreset1&#8243; border_color_all_image__hover_enabled=\u00bbon|hover\u00bb border_color_all_image__hover=\u00bb#E09900&#8243; border_width_all_image__hover_enabled=\u00bbon|hover\u00bb border_width_all_image__hover=\u00bb2px\u00bb]<\/p>\n<h4>LICEO BICENTENARIO MINERO S.S. JUAN PABLO II<\/h4>\n<p>[\/et_pb_blurb][\/et_pb_column][et_pb_column type=\u00bb1_4&#8243; _builder_version=\u00bb4.9.2&#8243; _module_preset=\u00bbdefault\u00bb][et_pb_blurb title=\u00bbPICA\u00bb image=\u00bbhttps:\/\/fundacioncollahuasi.cl\/web\/wp-content\/uploads\/2021\/03\/project-2.png\u00bb _builder_version=\u00bb4.9.2&#8243; _dynamic_attributes=\u00bblink_option_url\u00bb _module_preset=\u00bbdefault\u00bb header_font=\u00bbBarlow Condensed|600||on|||||\u00bb header_text_color=\u00bb#ef7828&#8243; header_font_size=\u00bb18px\u00bb custom_padding=\u00bb|15px||15px|false|false\u00bb link_option_url=\u00bb@ET-DC@eyJkeW5hbWljIjp0cnVlLCJjb250ZW50IjoicG9zdF9saW5rX3VybF9wYWdlIiwic2V0dGluZ3MiOnsicG9zdF9pZCI6IjcxMiJ9fQ==@\u00bb border_radii_image=\u00bboff|10px|10px||\u00bb box_shadow_style_image=\u00bbpreset1&#8243; border_color_all_image__hover=\u00bb#E09900&#8243; border_color_all_image__hover_enabled=\u00bbon|hover\u00bb border_width_all_image__hover=\u00bb2px\u00bb border_width_all_image__hover_enabled=\u00bbon|hover\u00bb]<\/p>\n<h4>LICEO PADRE ALBERTO HURTADO CRUCHAGA<\/h4>\n<p>[\/et_pb_blurb][\/et_pb_column][et_pb_column type=\u00bb1_4&#8243; _builder_version=\u00bb4.9.2&#8243; _module_preset=\u00bbdefault\u00bb][et_pb_blurb title=\u00bbPOZO ALMONTE\u00bb image=\u00bbhttps:\/\/fundacioncollahuasi.cl\/web\/wp-content\/uploads\/2021\/03\/project-3.png\u00bb _builder_version=\u00bb4.9.2&#8243; _dynamic_attributes=\u00bblink_option_url\u00bb _module_preset=\u00bbdefault\u00bb header_font=\u00bbBarlow Condensed|600||on|||||\u00bb header_text_color=\u00bb#ef7828&#8243; header_font_size=\u00bb18px\u00bb custom_padding=\u00bb|15px||15px|false|false\u00bb link_option_url=\u00bb@ET-DC@eyJkeW5hbWljIjp0cnVlLCJjb250ZW50IjoicG9zdF9saW5rX3VybF9wYWdlIiwic2V0dGluZ3MiOnsicG9zdF9pZCI6IjczMSJ9fQ==@\u00bb border_radii_image=\u00bboff|10px|10px||\u00bb box_shadow_style_image=\u00bbpreset1&#8243; border_color_all_image__hover=\u00bb#E09900&#8243; border_color_all_image__hover_enabled=\u00bbon|hover\u00bb border_width_all_image__hover=\u00bb2px\u00bb border_width_all_image__hover_enabled=\u00bbon|hover\u00bb]<\/p>\n<h4>LICEO ALCALDE SERGIO GONZ\u00c1LEZ GUTI\u00c9RREZ<\/h4>\n<p>[\/et_pb_blurb][\/et_pb_column][et_pb_column type=\u00bb1_4&#8243; _builder_version=\u00bb4.9.2&#8243; _module_preset=\u00bbdefault\u00bb][et_pb_blurb title=\u00bbCHANAVAYITA\u00bb image=\u00bbhttps:\/\/fundacioncollahuasi.cl\/web\/wp-content\/uploads\/2021\/03\/project-4.jpg\u00bb _builder_version=\u00bb4.9.2&#8243; _dynamic_attributes=\u00bblink_option_url\u00bb _module_preset=\u00bbdefault\u00bb header_font=\u00bbBarlow Condensed|600||on|||||\u00bb header_text_color=\u00bb#ef7828&#8243; header_font_size=\u00bb18px\u00bb custom_padding=\u00bb|15px||15px|false|false\u00bb link_option_url=\u00bb@ET-DC@eyJkeW5hbWljIjp0cnVlLCJjb250ZW50IjoicG9zdF9saW5rX3VybF9wYWdlIiwic2V0dGluZ3MiOnsicG9zdF9pZCI6Ijc3MiJ9fQ==@\u00bb border_radii_image=\u00bboff|10px|10px||\u00bb box_shadow_style_image=\u00bbpreset1&#8243; border_color_all_image__hover=\u00bb#E09900&#8243; border_color_all_image__hover_enabled=\u00bbon|hover\u00bb border_width_all_image__hover=\u00bb2px\u00bb border_width_all_image__hover_enabled=\u00bbon|hover\u00bb]<\/p>\n<h4>ESCUELA B\u00c1SICA DE CALETA CHANAVAYITA<\/h4>\n<p>[\/et_pb_blurb][\/et_pb_column][\/et_pb_row][\/et_pb_section][et_pb_section fb_built=\u00bb1&#8243; admin_label=\u00bbFooter Section\u00bb _builder_version=\u00bb4.9.2&#8243; background_color=\u00bb#ef7828&#8243; min_height=\u00bb350px\u00bb custom_padding=\u00bb9px||12px|||\u00bb global_module=\u00bb421&#8243;][et_pb_row column_structure=\u00bb1_3,1_3,1_3&#8243; make_equal=\u00bbon\u00bb admin_label=\u00bbFooter Area\u00bb _builder_version=\u00bb4.9.2&#8243; width=\u00bb100%\u00bb max_width=\u00bb1345px\u00bb min_height=\u00bb308.8px\u00bb custom_margin=\u00bb|24px|-23px|auto|false|false\u00bb custom_padding=\u00bb||0px||false|false\u00bb][et_pb_column type=\u00bb1_3&#8243; _builder_version=\u00bb3.25&#8243; custom_padding=\u00bb|||\u00bb custom_padding__hover=\u00bb|||\u00bb][et_pb_image src=\u00bbhttps:\/\/fundacioncollahuasi.cl\/web\/wp-content\/uploads\/2021\/03\/logo-alt.png\u00bb title_text=\u00bblogo-alt\u00bb _builder_version=\u00bb4.9.2&#8243; _module_preset=\u00bbdefault\u00bb width_tablet=\u00bb\u00bb width_phone=\u00bb65%\u00bb width_last_edited=\u00bbon|desktop\u00bb custom_margin=\u00bb||17px|||\u00bb custom_margin_tablet=\u00bb|20px|17px|20px|false|false\u00bb custom_margin_phone=\u00bb\u00bb custom_margin_last_edited=\u00bbon|phone\u00bb][\/et_pb_image][et_pb_text _builder_version=\u00bb4.9.2&#8243; _module_preset=\u00bbdefault\u00bb text_text_color=\u00bb#FFFFFF\u00bb text_font_size=\u00bb15px\u00bb text_orientation=\u00bbjustified\u00bb width_tablet=\u00bb\u00bb width_phone=\u00bb\u00bb width_last_edited=\u00bbon|tablet\u00bb custom_margin_tablet=\u00bb|20px||20px|false|false\u00bb custom_margin_phone=\u00bb\u00bb custom_margin_last_edited=\u00bbon|phone\u00bb]<\/p>\n<p><span>En un intento por hacer una contribuci\u00f3n significativa a la educaci\u00f3n y la empleabilidad de los j\u00f3venes de la regi\u00f3n de Tarapac\u00e1, Collahuasi ha canalizado una parte importante de su inversi\u00f3n social en los \u00faltimos a\u00f1os a trav\u00e9s de la Fundaci\u00f3n Educacional.<\/span><\/p>\n<p>[\/et_pb_text][\/et_pb_column][et_pb_column type=\u00bb1_3&#8243; _builder_version=\u00bb3.25&#8243; custom_padding=\u00bb|||\u00bb custom_padding__hover=\u00bb|||\u00bb][et_pb_text admin_label=\u00bbTitle\u00bb _builder_version=\u00bb4.9.2&#8243; text_font=\u00bbPoppins||||||||\u00bb text_font_size=\u00bb16px\u00bb text_line_height=\u00bb1.8em\u00bb header_font=\u00bb|||on|||||\u00bb header_font_size=\u00bb26px\u00bb header_2_font=\u00bbPoppins|600||on|||||\u00bb header_2_text_color=\u00bb#FFFFFF\u00bb header_2_font_size=\u00bb20px\u00bb header_2_line_height=\u00bb1.5em\u00bb custom_margin=\u00bb32px||19px|||\u00bb custom_margin_tablet=\u00bb32px|20px|19px|20px|false|false\u00bb custom_margin_phone=\u00bb\u00bb custom_margin_last_edited=\u00bbon|phone\u00bb custom_padding=\u00bb15px|||||\u00bb animation_style=\u00bbfade\u00bb animation_direction=\u00bbtop\u00bb animation_starting_opacity=\u00bb100%\u00bb locked=\u00bboff\u00bb]<\/p>\n<h2>Visita nuestras redes<\/h2>\n<p>[\/et_pb_text][et_pb_social_media_follow _builder_version=\u00bb4.9.2&#8243; custom_margin=\u00bb-18px||26px|||\u00bb custom_margin_tablet=\u00bb-18px|20px|26px|20px|false|false\u00bb custom_margin_phone=\u00bb\u00bb custom_margin_last_edited=\u00bbon|tablet\u00bb animation_direction=\u00bbtop\u00bb border_radii=\u00bbon|60px|60px|60px|60px\u00bb locked=\u00bboff\u00bb][et_pb_social_media_follow_network social_network=\u00bbfacebook\u00bb url=\u00bbhttps:\/\/www.facebook.com\/CollahuasiCL\/\u00bb _builder_version=\u00bb4.9.2&#8243; background_color=\u00bbrgba(255,255,255,0.17)\u00bb custom_margin=\u00bb|8px||\u00bb custom_padding=\u00bb8px|8px|8px|8px|true|true\u00bb background__hover_enabled=\u00bbon|hover\u00bb background_color__hover=\u00bb#01b784&#8243; background_enable_color__hover=\u00bbon\u00bb follow_button=\u00bboff\u00bb url_new_window=\u00bbon\u00bb]facebook[\/et_pb_social_media_follow_network][et_pb_social_media_follow_network social_network=\u00bbtwitter\u00bb url=\u00bbhttps:\/\/twitter.com\/collahuasiCL\u00bb _builder_version=\u00bb4.9.2&#8243; background_color=\u00bbrgba(255,255,255,0.17)\u00bb custom_margin=\u00bb|8px||\u00bb custom_padding=\u00bb8px|8px|8px|8px|true|true\u00bb background__hover_enabled=\u00bbon|hover\u00bb background_color__hover=\u00bb#01b784&#8243; background_enable_color__hover=\u00bbon\u00bb follow_button=\u00bboff\u00bb url_new_window=\u00bbon\u00bb]twitter[\/et_pb_social_media_follow_network][et_pb_social_media_follow_network social_network=\u00bbyoutube\u00bb url=\u00bbhttps:\/\/www.youtube.com\/channel\/UCQSKU3ukTUihC-_MOFRgZug\u00bb _builder_version=\u00bb4.9.2&#8243; background_color=\u00bbrgba(255,255,255,0.17)\u00bb custom_margin=\u00bb|8px||\u00bb custom_padding=\u00bb8px|8px|8px|8px|true|true\u00bb background__hover_enabled=\u00bbon|hover\u00bb background_color__hover=\u00bb#01b784&#8243; background_enable_color__hover=\u00bbon\u00bb follow_button=\u00bboff\u00bb url_new_window=\u00bbon\u00bb]youtube[\/et_pb_social_media_follow_network][\/et_pb_social_media_follow][et_pb_text admin_label=\u00bbTitle\u00bb _builder_version=\u00bb4.9.2&#8243; text_font=\u00bbPoppins||||||||\u00bb text_text_color=\u00bb#FFFFFF\u00bb text_line_height=\u00bb1.8em\u00bb header_font=\u00bb|||on|||||\u00bb header_2_font=\u00bbPoppins|600||on|||||\u00bb header_2_text_color=\u00bb#FFFFFF\u00bb header_2_font_size=\u00bb20px\u00bb header_2_line_height=\u00bb1.5em\u00bb custom_margin=\u00bb||20px|\u00bb custom_margin_tablet=\u00bb|20px|20px|20px|false|false\u00bb custom_margin_phone=\u00bb\u00bb custom_margin_last_edited=\u00bbon|tablet\u00bb animation_style=\u00bbfade\u00bb animation_direction=\u00bbtop\u00bb animation_starting_opacity=\u00bb100%\u00bb]<\/p>\n<h2>Informaci\u00f3n de contacto<\/h2>\n<p>Regi\u00f3n de Tarapac\u00e1, Iquique, Chile<\/p>\n<p>(57) 251 6406<\/p>\n<p>&nbsp;<\/p>\n<p>[\/et_pb_text][\/et_pb_column][et_pb_column type=\u00bb1_3&#8243; _builder_version=\u00bb4.9.2&#8243; custom_padding=\u00bb|||\u00bb custom_padding__hover=\u00bb|||\u00bb][et_pb_signup mailchimp_list=\u00bbelegantthemestest|68f113e9e0&#8243; layout=\u00bbtop_bottom\u00bb first_name_field=\u00bboff\u00bb last_name_field=\u00bboff\u00bb title=\u00bbBolet\u00edn informativo\u00bb button_text=\u00bbSuscr\u00edbete\u00bb _builder_version=\u00bb4.9.2&#8243; form_field_background_color=\u00bb#f4f2ef\u00bb header_level=\u00bbh4&#8243; header_font=\u00bbOpen Sans|700|||||||\u00bb header_text_color=\u00bb#4f4f4f\u00bb header_font_size=\u00bb24px\u00bb header_line_height=\u00bb1.4em\u00bb body_font=\u00bb||||||||\u00bb body_line_height=\u00bb1.8em\u00bb form_field_font=\u00bbSource Sans Pro||||||||\u00bb form_field_font_size=\u00bb16px\u00bb form_field_line_height=\u00bb1.8em\u00bb background_color=\u00bb#f1a12b\u00bb custom_button=\u00bbon\u00bb button_text_size=\u00bb14px\u00bb button_text_color=\u00bb#ffffff\u00bb button_bg_color=\u00bb#01b784&#8243; button_border_width=\u00bb10px\u00bb button_border_color=\u00bbrgba(0,0,0,0)\u00bb button_border_radius=\u00bb100px\u00bb button_letter_spacing=\u00bb2px\u00bb button_font=\u00bbRoboto|700||on|||||\u00bb button_icon=\u00bb%%3%%\u00bb background_layout=\u00bblight\u00bb width=\u00bb100%\u00bb width_tablet=\u00bb\u00bb width_phone=\u00bb\u00bb width_last_edited=\u00bbon|phone\u00bb max_width=\u00bb100%\u00bb module_alignment=\u00bbcenter\u00bb custom_padding=\u00bb50px||80px|50px||\u00bb animation_style=\u00bbslide\u00bb animation_direction=\u00bbright\u00bb animation_intensity_slide=\u00bb2%\u00bb header_font_size_phone=\u00bb24px\u00bb header_font_size_last_edited=\u00bboff|desktop\u00bb border_radii=\u00bboff|10px|||\u00bb border_radii_fields=\u00bbon|40px|40px|40px|40px\u00bb box_shadow_style=\u00bbpreset4&#8243; box_shadow_horizontal=\u00bb76px\u00bb box_shadow_vertical=\u00bb0px\u00bb box_shadow_color=\u00bb#f1a12b\u00bb locked=\u00bboff\u00bb body_letter_spacing__hover=\u00bb0px\u00bb body_letter_spacing__hover_enabled=\u00bb0px\u00bb body_text_shadow_style__hover=\u00bbnone\u00bb body_text_shadow_style__hover_enabled=\u00bbnone\u00bb body_text_shadow_color__hover=\u00bbrgba(0,0,0,0.4)\u00bb body_text_shadow_color__hover_enabled=\u00bbrgba(0,0,0,0.4)\u00bb border_radii__hover=\u00bbon||||\u00bb border_radii__hover_enabled=\u00bbon||||\u00bb][\/et_pb_signup][\/et_pb_column][\/et_pb_row][\/et_pb_section]<\/p>\n","protected":false},"excerpt":{"rendered":"<p>Programas y Proyectos PROGRAMA APRENDICES DE COLLAHUASIPROGRAMA APRENDICES DE COLLAHUASI &nbsp; Cada a\u00f1o aumenta el inter\u00e9s de los j\u00f3venes en la miner\u00eda, quienes ven en esta iniciativa, una posibilidad de ampliar sus proyecciones de ingreso al mundo laboral. Para cumplir con esas expectativas, los j\u00f3venes reciben un entrenamiento en distintas materias, conociendo en terreno los [&hellip;]<\/p>\n","protected":false},"author":2,"featured_media":0,"parent":0,"menu_order":0,"comment_status":"closed","ping_status":"closed","template":"","meta":{"_et_pb_use_builder":"on","_et_pb_old_content":"","_et_gb_content_width":"","footnotes":""},"class_list":["post-745","page","type-page","status-publish","hentry"],"_links":{"self":[{"href":"https:\/\/fundacioncollahuasi.cl\/web\/wp-json\/wp\/v2\/pages\/745","targetHints":{"allow":["GET"]}}],"collection":[{"href":"https:\/\/fundacioncollahuasi.cl\/web\/wp-json\/wp\/v2\/pages"}],"about":[{"href":"https:\/\/fundacioncollahuasi.cl\/web\/wp-json\/wp\/v2\/types\/page"}],"author":[{"embeddable":true,"href":"https:\/\/fundacioncollahuasi.cl\/web\/wp-json\/wp\/v2\/users\/2"}],"replies":[{"embeddable":true,"href":"https:\/\/fundacioncollahuasi.cl\/web\/wp-json\/wp\/v2\/comments?post=745"}],"version-history":[{"count":4,"href":"https:\/\/fundacioncollahuasi.cl\/web\/wp-json\/wp\/v2\/pages\/745\/revisions"}],"predecessor-version":[{"id":1048,"href":"https:\/\/fundacioncollahuasi.cl\/web\/wp-json\/wp\/v2\/pages\/745\/revisions\/1048"}],"wp:attachment":[{"href":"https:\/\/fundacioncollahuasi.cl\/web\/wp-json\/wp\/v2\/media?parent=745"}],"curies":[{"name":"wp","href":"https:\/\/api.w.org\/{rel}","templated":true}]}}